{"id":16927,"date":"2025-08-27T15:27:05","date_gmt":"2025-08-27T15:27:05","guid":{"rendered":"https:\/\/yourimmigrationattorney.com\/tiffany-escobar\/"},"modified":"2025-08-27T15:46:09","modified_gmt":"2025-08-27T15:46:09","slug":"tiffany-escobar","status":"publish","type":"page","link":"https:\/\/yourimmigrationattorney.com\/es\/tiffany-escobar\/","title":{"rendered":"Tiffany Escobar"},"content":{"rendered":"\t\t<div data-elementor-type=\"wp-page\" data-elementor-id=\"16927\" class=\"elementor elementor-16927 elementor-16913\">\n\t\t\t\t<div class=\"elementor-element elementor-element-769c0ee e-flex e-con-boxed e-con e-parent\" data-id=\"769c0ee\" data-element_type=\"container\" data-e-type=\"container\">\n\t\t\t\t\t<div class=\"e-con-inner\">\n\t\t<div class=\"elementor-element elementor-element-9ed17e5 e-flex e-con-boxed e-con e-child\" data-id=\"9ed17e5\" data-element_type=\"container\" data-e-type=\"container\">\n\t\t\t\t\t<div class=\"e-con-inner\">\n\t\t\t\t<div class=\"elementor-element elementor-element-e5c3e73 elementor-widget elementor-widget-heading\" data-id=\"e5c3e73\" data-element_type=\"widget\" data-e-type=\"widget\" data-widget_type=\"heading.default\">\n\t\t\t\t<div class=\"elementor-widget-container\">\n\t\t\t\t\t<h2 class=\"elementor-heading-title elementor-size-default\">Tiffany Escobar<\/h2>\t\t\t\t<\/div>\n\t\t\t\t<\/div>\n\t\t\t\t\t<\/div>\n\t\t\t\t<\/div>\n\t\t\t\t\t<\/div>\n\t\t\t\t<\/div>\n\t\t<div class=\"elementor-element elementor-element-cc6e98d e-flex e-con-boxed e-con e-parent\" data-id=\"cc6e98d\" data-element_type=\"container\" data-e-type=\"container\">\n\t\t\t\t\t<div class=\"e-con-inner\">\n\t\t<div class=\"elementor-element elementor-element-70410dc e-con-full e-flex e-con e-child\" data-id=\"70410dc\" data-element_type=\"container\" data-e-type=\"container\">\n\t\t\t\t<div class=\"elementor-element elementor-element-bebc52d elementor-widget elementor-widget-image\" data-id=\"bebc52d\" data-element_type=\"widget\" data-e-type=\"widget\" data-widget_type=\"image.default\">\n\t\t\t\t<div class=\"elementor-widget-container\">\n\t\t\t\t\t\t\t\t\t\t\t\t\t\t\t<img fetchpriority=\"high\" decoding=\"async\" width=\"1024\" height=\"683\" src=\"https:\/\/yourimmigrationattorney.com\/wp-content\/uploads\/2025\/08\/20250724_bipc_007-Edit-1-1024x683.jpg\" class=\"attachment-large size-large wp-image-16916\" alt=\"\" srcset=\"https:\/\/yourimmigrationattorney.com\/wp-content\/uploads\/2025\/08\/20250724_bipc_007-Edit-1-1024x683.jpg 1024w, https:\/\/yourimmigrationattorney.com\/wp-content\/uploads\/2025\/08\/20250724_bipc_007-Edit-1-300x200.jpg 300w, https:\/\/yourimmigrationattorney.com\/wp-content\/uploads\/2025\/08\/20250724_bipc_007-Edit-1-768x512.jpg 768w, https:\/\/yourimmigrationattorney.com\/wp-content\/uploads\/2025\/08\/20250724_bipc_007-Edit-1-1536x1024.jpg 1536w, https:\/\/yourimmigrationattorney.com\/wp-content\/uploads\/2025\/08\/20250724_bipc_007-Edit-1-2048x1365.jpg 2048w, https:\/\/yourimmigrationattorney.com\/wp-content\/uploads\/2025\/08\/20250724_bipc_007-Edit-1-900x600.jpg 900w, https:\/\/yourimmigrationattorney.com\/wp-content\/uploads\/2025\/08\/20250724_bipc_007-Edit-1-600x400.jpg 600w, https:\/\/yourimmigrationattorney.com\/wp-content\/uploads\/2025\/08\/20250724_bipc_007-Edit-1-scaled.jpg 1920w\" sizes=\"(max-width: 1024px) 100vw, 1024px\" \/>\t\t\t\t\t\t\t\t\t\t\t\t\t\t\t<\/div>\n\t\t\t\t<\/div>\n\t\t\t\t<\/div>\n\t\t<div class=\"elementor-element elementor-element-7f4ced8 e-con-full e-flex e-con e-child\" data-id=\"7f4ced8\" data-element_type=\"container\" data-e-type=\"container\">\n\t\t\t\t<div class=\"elementor-element elementor-element-879a18e elementor-widget elementor-widget-text-editor\" data-id=\"879a18e\" data-element_type=\"widget\" data-e-type=\"widget\" data-widget_type=\"text-editor.default\">\n\t\t\t\t<div class=\"elementor-widget-container\">\n\t\t\t\t\t\t\t\t\t<p><span style=\"font-weight: 400;\">Tiffany Escobar es abogada asociada en Your Immigration Attorney, PLLC, en Miami, Florida. Habla ingl\u00e9s y espa\u00f1ol con fluidez y est\u00e1 especializada en derecho de inmigraci\u00f3n estadounidense, incluidos asuntos laborales, familiares y humanitarios.  <\/span><\/p>\n<\/p>\n<p><span style=\"font-weight: 400;\">La Sra. Escobar se doctor\u00f3 en Derecho por la Facultad de Derecho de la Universidad St. Thomas, donde fue cofundadora del Colegio de Abogados de Estudiantes Colombo-Americanos y recibi\u00f3 el premio CALI Book Award en Derecho del Almirantazgo. Durante sus estudios de Derecho, trabaj\u00f3 en la Unidad de Trata de Seres Humanos de la Fiscal\u00eda del Estado de Miami-Dade como Pasante Jur\u00eddica Certificada. Es licenciada en Justicia Penal por la Universidad Internacional de Florida.<\/span><\/p>\n<\/p>\n<p><span style=\"font-weight: 400;\">Actualmente es Vicepresidenta de la Asociaci\u00f3n Colombo Americana de Abogados (COLBAR) y fue nombrada miembro del Consejo Editorial del Florida Bar Journal\/News por un mandato de tres a\u00f1os hasta 2027. En 2024, la Sra. Escobar fue nombrada &#8220;Up-and-Comer Honoree&#8221; en los Premios a las Mujeres Hispanas de Distinci\u00f3n, recibiendo un Reconocimiento Especial del Congreso de manos de la congresista Debbie Wasserman Schultz.<\/span><\/p>\n<\/p>\n<p><span style=\"font-weight: 400;\">Tambi\u00e9n es miembro activo de la Secci\u00f3n de Abogados J\u00f3venes del Colegio de Abogados de Miami-Dade, del Colegio Nacional de Abogados Hispanos y de la C\u00e1mara de Comercio Internacional de Empresarios (Secci\u00f3n de Florida, EE.UU.).<\/span><\/p><\/p>\n\t\t\t\t\t\t\t\t<\/div>\n\t\t\t\t<\/div>\n\t\t\t\t<\/div>\n\t\t\t\t\t<\/div>\n\t\t\t\t<\/div>\n\t\t<div class=\"elementor-element elementor-element-76cab70 e-flex e-con-boxed e-con e-parent\" data-id=\"76cab70\" data-element_type=\"container\" data-e-type=\"container\">\n\t\t\t\t\t<div class=\"e-con-inner\">\n\t\t\t\t\t<\/div>\n\t\t\t\t<\/div>\n\t\t\t\t<\/div>\n\t\t","protected":false},"excerpt":{"rendered":"<p>Tiffany Escobar Tiffany Escobar es abogada asociada en Your Immigration Attorney, PLLC, en Miami, Florida. Habla ingl\u00e9s y espa\u00f1ol con fluidez y est\u00e1 especializada en derecho de inmigraci\u00f3n estadounidense, incluidos asuntos laborales, familiares y humanitarios. La Sra. Escobar se doctor\u00f3 en Derecho por la Facultad de Derecho de la Universidad St. Thomas, donde fue cofundadora<\/p>\n","protected":false},"author":2,"featured_media":0,"parent":0,"menu_order":0,"comment_status":"closed","ping_status":"closed","template":"","meta":{"_coblocks_attr":"","_coblocks_dimensions":"","_coblocks_responsive_height":"","_coblocks_accordion_ie_support":"","footnotes":""},"class_list":["post-16927","page","type-page","status-publish","hentry"],"yoast_head":"<!-- This site is optimized with the Yoast SEO plugin v27.3 - https:\/\/yoast.com\/product\/yoast-seo-wordpress\/ -->\n<title>Tiffany Escobar - Your Immigration Attorney<\/title>\n<meta name=\"robots\" content=\"index, follow, max-snippet:-1, max-image-preview:large, max-video-preview:-1\" \/>\n<link rel=\"canonical\" href=\"https:\/\/yourimmigrationattorney.com\/es\/tiffany-escobar\/\" \/>\n<meta property=\"og:locale\" content=\"es_ES\" \/>\n<meta property=\"og:type\" content=\"article\" \/>\n<meta property=\"og:title\" content=\"Tiffany Escobar - Your Immigration Attorney\" \/>\n<meta property=\"og:description\" content=\"Tiffany Escobar Tiffany Escobar es abogada asociada en Your Immigration Attorney, PLLC, en Miami, Florida. Habla ingl\u00e9s y espa\u00f1ol con fluidez y est\u00e1 especializada en derecho de inmigraci\u00f3n estadounidense, incluidos asuntos laborales, familiares y humanitarios. La Sra. Escobar se doctor\u00f3 en Derecho por la Facultad de Derecho de la Universidad St. Thomas, donde fue cofundadora\" \/>\n<meta property=\"og:url\" content=\"https:\/\/yourimmigrationattorney.com\/es\/tiffany-escobar\/\" \/>\n<meta property=\"og:site_name\" content=\"Your Immigration Attorney\" \/>\n<meta property=\"article:modified_time\" content=\"2025-08-27T15:46:09+00:00\" \/>\n<meta property=\"og:image\" content=\"https:\/\/yourimmigrationattorney.com\/wp-content\/uploads\/2025\/08\/20250724_bipc_007-Edit-1-scaled-e1756309025565.jpg\" \/>\n\t<meta property=\"og:image:width\" content=\"786\" \/>\n\t<meta property=\"og:image:height\" content=\"1010\" \/>\n\t<meta property=\"og:image:type\" content=\"image\/jpeg\" \/>\n<meta name=\"twitter:card\" content=\"summary_large_image\" \/>\n<meta name=\"twitter:label1\" content=\"Tiempo de lectura\" \/>\n\t<meta name=\"twitter:data1\" content=\"1 minuto\" \/>\n<script type=\"application\/ld+json\" class=\"yoast-schema-graph\">{\"@context\":\"https:\\\/\\\/schema.org\",\"@graph\":[{\"@type\":\"WebPage\",\"@id\":\"https:\\\/\\\/yourimmigrationattorney.com\\\/es\\\/tiffany-escobar\\\/\",\"url\":\"https:\\\/\\\/yourimmigrationattorney.com\\\/es\\\/tiffany-escobar\\\/\",\"name\":\"Tiffany Escobar - Your Immigration Attorney\",\"isPartOf\":{\"@id\":\"https:\\\/\\\/yourimmigrationattorney.com\\\/es\\\/#website\"},\"primaryImageOfPage\":{\"@id\":\"https:\\\/\\\/yourimmigrationattorney.com\\\/es\\\/tiffany-escobar\\\/#primaryimage\"},\"image\":{\"@id\":\"https:\\\/\\\/yourimmigrationattorney.com\\\/es\\\/tiffany-escobar\\\/#primaryimage\"},\"thumbnailUrl\":\"https:\\\/\\\/yourimmigrationattorney.com\\\/wp-content\\\/uploads\\\/2025\\\/08\\\/20250724_bipc_007-Edit-1-1024x683.jpg\",\"datePublished\":\"2025-08-27T15:27:05+00:00\",\"dateModified\":\"2025-08-27T15:46:09+00:00\",\"breadcrumb\":{\"@id\":\"https:\\\/\\\/yourimmigrationattorney.com\\\/es\\\/tiffany-escobar\\\/#breadcrumb\"},\"inLanguage\":\"es\",\"potentialAction\":[{\"@type\":\"ReadAction\",\"target\":[\"https:\\\/\\\/yourimmigrationattorney.com\\\/es\\\/tiffany-escobar\\\/\"]}]},{\"@type\":\"ImageObject\",\"inLanguage\":\"es\",\"@id\":\"https:\\\/\\\/yourimmigrationattorney.com\\\/es\\\/tiffany-escobar\\\/#primaryimage\",\"url\":\"https:\\\/\\\/yourimmigrationattorney.com\\\/wp-content\\\/uploads\\\/2025\\\/08\\\/20250724_bipc_007-Edit-1-1024x683.jpg\",\"contentUrl\":\"https:\\\/\\\/yourimmigrationattorney.com\\\/wp-content\\\/uploads\\\/2025\\\/08\\\/20250724_bipc_007-Edit-1-1024x683.jpg\"},{\"@type\":\"BreadcrumbList\",\"@id\":\"https:\\\/\\\/yourimmigrationattorney.com\\\/es\\\/tiffany-escobar\\\/#breadcrumb\",\"itemListElement\":[{\"@type\":\"ListItem\",\"position\":1,\"name\":\"Home\",\"item\":\"https:\\\/\\\/yourimmigrationattorney.com\\\/es\\\/\"},{\"@type\":\"ListItem\",\"position\":2,\"name\":\"Tiffany Escobar\"}]},{\"@type\":\"WebSite\",\"@id\":\"https:\\\/\\\/yourimmigrationattorney.com\\\/es\\\/#website\",\"url\":\"https:\\\/\\\/yourimmigrationattorney.com\\\/es\\\/\",\"name\":\"Your Immigration Attorney\",\"description\":\"\",\"potentialAction\":[{\"@type\":\"SearchAction\",\"target\":{\"@type\":\"EntryPoint\",\"urlTemplate\":\"https:\\\/\\\/yourimmigrationattorney.com\\\/es\\\/?s={search_term_string}\"},\"query-input\":{\"@type\":\"PropertyValueSpecification\",\"valueRequired\":true,\"valueName\":\"search_term_string\"}}],\"inLanguage\":\"es\"}]}<\/script>\n<!-- \/ Yoast SEO plugin. -->","yoast_head_json":{"title":"Tiffany Escobar - Your Immigration Attorney","robots":{"index":"index","follow":"follow","max-snippet":"max-snippet:-1","max-image-preview":"max-image-preview:large","max-video-preview":"max-video-preview:-1"},"canonical":"https:\/\/yourimmigrationattorney.com\/es\/tiffany-escobar\/","og_locale":"es_ES","og_type":"article","og_title":"Tiffany Escobar - Your Immigration Attorney","og_description":"Tiffany Escobar Tiffany Escobar es abogada asociada en Your Immigration Attorney, PLLC, en Miami, Florida. Habla ingl\u00e9s y espa\u00f1ol con fluidez y est\u00e1 especializada en derecho de inmigraci\u00f3n estadounidense, incluidos asuntos laborales, familiares y humanitarios. La Sra. Escobar se doctor\u00f3 en Derecho por la Facultad de Derecho de la Universidad St. Thomas, donde fue cofundadora","og_url":"https:\/\/yourimmigrationattorney.com\/es\/tiffany-escobar\/","og_site_name":"Your Immigration Attorney","article_modified_time":"2025-08-27T15:46:09+00:00","og_image":[{"width":786,"height":1010,"url":"https:\/\/yourimmigrationattorney.com\/wp-content\/uploads\/2025\/08\/20250724_bipc_007-Edit-1-scaled-e1756309025565.jpg","type":"image\/jpeg"}],"twitter_card":"summary_large_image","twitter_misc":{"Tiempo de lectura":"1 minuto"},"schema":{"@context":"https:\/\/schema.org","@graph":[{"@type":"WebPage","@id":"https:\/\/yourimmigrationattorney.com\/es\/tiffany-escobar\/","url":"https:\/\/yourimmigrationattorney.com\/es\/tiffany-escobar\/","name":"Tiffany Escobar - Your Immigration Attorney","isPartOf":{"@id":"https:\/\/yourimmigrationattorney.com\/es\/#website"},"primaryImageOfPage":{"@id":"https:\/\/yourimmigrationattorney.com\/es\/tiffany-escobar\/#primaryimage"},"image":{"@id":"https:\/\/yourimmigrationattorney.com\/es\/tiffany-escobar\/#primaryimage"},"thumbnailUrl":"https:\/\/yourimmigrationattorney.com\/wp-content\/uploads\/2025\/08\/20250724_bipc_007-Edit-1-1024x683.jpg","datePublished":"2025-08-27T15:27:05+00:00","dateModified":"2025-08-27T15:46:09+00:00","breadcrumb":{"@id":"https:\/\/yourimmigrationattorney.com\/es\/tiffany-escobar\/#breadcrumb"},"inLanguage":"es","potentialAction":[{"@type":"ReadAction","target":["https:\/\/yourimmigrationattorney.com\/es\/tiffany-escobar\/"]}]},{"@type":"ImageObject","inLanguage":"es","@id":"https:\/\/yourimmigrationattorney.com\/es\/tiffany-escobar\/#primaryimage","url":"https:\/\/yourimmigrationattorney.com\/wp-content\/uploads\/2025\/08\/20250724_bipc_007-Edit-1-1024x683.jpg","contentUrl":"https:\/\/yourimmigrationattorney.com\/wp-content\/uploads\/2025\/08\/20250724_bipc_007-Edit-1-1024x683.jpg"},{"@type":"BreadcrumbList","@id":"https:\/\/yourimmigrationattorney.com\/es\/tiffany-escobar\/#breadcrumb","itemListElement":[{"@type":"ListItem","position":1,"name":"Home","item":"https:\/\/yourimmigrationattorney.com\/es\/"},{"@type":"ListItem","position":2,"name":"Tiffany Escobar"}]},{"@type":"WebSite","@id":"https:\/\/yourimmigrationattorney.com\/es\/#website","url":"https:\/\/yourimmigrationattorney.com\/es\/","name":"Your Immigration Attorney","description":"","potentialAction":[{"@type":"SearchAction","target":{"@type":"EntryPoint","urlTemplate":"https:\/\/yourimmigrationattorney.com\/es\/?s={search_term_string}"},"query-input":{"@type":"PropertyValueSpecification","valueRequired":true,"valueName":"search_term_string"}}],"inLanguage":"es"}]}},"_links":{"self":[{"href":"https:\/\/yourimmigrationattorney.com\/es\/wp-json\/wp\/v2\/pages\/16927","targetHints":{"allow":["GET"]}}],"collection":[{"href":"https:\/\/yourimmigrationattorney.com\/es\/wp-json\/wp\/v2\/pages"}],"about":[{"href":"https:\/\/yourimmigrationattorney.com\/es\/wp-json\/wp\/v2\/types\/page"}],"author":[{"embeddable":true,"href":"https:\/\/yourimmigrationattorney.com\/es\/wp-json\/wp\/v2\/users\/2"}],"replies":[{"embeddable":true,"href":"https:\/\/yourimmigrationattorney.com\/es\/wp-json\/wp\/v2\/comments?post=16927"}],"version-history":[{"count":1,"href":"https:\/\/yourimmigrationattorney.com\/es\/wp-json\/wp\/v2\/pages\/16927\/revisions"}],"predecessor-version":[{"id":16928,"href":"https:\/\/yourimmigrationattorney.com\/es\/wp-json\/wp\/v2\/pages\/16927\/revisions\/16928"}],"wp:attachment":[{"href":"https:\/\/yourimmigrationattorney.com\/es\/wp-json\/wp\/v2\/media?parent=16927"}],"curies":[{"name":"wp","href":"https:\/\/api.w.org\/{rel}","templated":true}]}}