{"id":16925,"date":"2025-01-22T18:07:35","date_gmt":"2025-01-22T18:07:35","guid":{"rendered":"https:\/\/yourimmigrationattorney.com\/alessandra-diaz-cappelleti\/"},"modified":"2025-08-27T15:45:41","modified_gmt":"2025-08-27T15:45:41","slug":"alessandra-diaz-cappelleti","status":"publish","type":"page","link":"https:\/\/yourimmigrationattorney.com\/es\/alessandra-diaz-cappelleti\/","title":{"rendered":"Alessandra D\u00edaz-Cappelleti"},"content":{"rendered":"\t\t<div data-elementor-type=\"wp-page\" data-elementor-id=\"16925\" class=\"elementor elementor-16925 elementor-16885\">\n\t\t\t\t<div class=\"elementor-element elementor-element-769c0ee e-flex e-con-boxed e-con e-parent\" data-id=\"769c0ee\" data-element_type=\"container\" data-e-type=\"container\">\n\t\t\t\t\t<div class=\"e-con-inner\">\n\t\t<div class=\"elementor-element elementor-element-9ed17e5 e-flex e-con-boxed e-con e-child\" data-id=\"9ed17e5\" data-element_type=\"container\" data-e-type=\"container\">\n\t\t\t\t\t<div class=\"e-con-inner\">\n\t\t\t\t<div class=\"elementor-element elementor-element-e5c3e73 elementor-widget elementor-widget-heading\" data-id=\"e5c3e73\" data-element_type=\"widget\" data-e-type=\"widget\" data-widget_type=\"heading.default\">\n\t\t\t\t<div class=\"elementor-widget-container\">\n\t\t\t\t\t<h2 class=\"elementor-heading-title elementor-size-default\">Alessandra D\u00edaz-Cappelleti<\/h2>\t\t\t\t<\/div>\n\t\t\t\t<\/div>\n\t\t\t\t\t<\/div>\n\t\t\t\t<\/div>\n\t\t\t\t\t<\/div>\n\t\t\t\t<\/div>\n\t\t<div class=\"elementor-element elementor-element-cc6e98d e-flex e-con-boxed e-con e-parent\" data-id=\"cc6e98d\" data-element_type=\"container\" data-e-type=\"container\">\n\t\t\t\t\t<div class=\"e-con-inner\">\n\t\t<div class=\"elementor-element elementor-element-70410dc e-con-full e-flex e-con e-child\" data-id=\"70410dc\" data-element_type=\"container\" data-e-type=\"container\">\n\t\t\t\t<div class=\"elementor-element elementor-element-bebc52d elementor-widget elementor-widget-image\" data-id=\"bebc52d\" data-element_type=\"widget\" data-e-type=\"widget\" data-widget_type=\"image.default\">\n\t\t\t\t<div class=\"elementor-widget-container\">\n\t\t\t\t\t\t\t\t\t\t\t\t\t\t\t<img fetchpriority=\"high\" decoding=\"async\" width=\"768\" height=\"1116\" src=\"https:\/\/yourimmigrationattorney.com\/wp-content\/uploads\/2025\/01\/20240403_yia_525-Edit-768x1116.jpg\" class=\"attachment-medium_large size-medium_large wp-image-16888\" alt=\"\" srcset=\"https:\/\/yourimmigrationattorney.com\/wp-content\/uploads\/2025\/01\/20240403_yia_525-Edit-768x1116.jpg 768w, https:\/\/yourimmigrationattorney.com\/wp-content\/uploads\/2025\/01\/20240403_yia_525-Edit-206x300.jpg 206w, https:\/\/yourimmigrationattorney.com\/wp-content\/uploads\/2025\/01\/20240403_yia_525-Edit-704x1024.jpg 704w, https:\/\/yourimmigrationattorney.com\/wp-content\/uploads\/2025\/01\/20240403_yia_525-Edit-1057x1536.jpg 1057w, https:\/\/yourimmigrationattorney.com\/wp-content\/uploads\/2025\/01\/20240403_yia_525-Edit-1409x2048.jpg 1409w, https:\/\/yourimmigrationattorney.com\/wp-content\/uploads\/2025\/01\/20240403_yia_525-Edit-900x1308.jpg 900w, https:\/\/yourimmigrationattorney.com\/wp-content\/uploads\/2025\/01\/20240403_yia_525-Edit-600x872.jpg 600w, https:\/\/yourimmigrationattorney.com\/wp-content\/uploads\/2025\/01\/20240403_yia_525-Edit-scaled.jpg 1321w\" sizes=\"(max-width: 768px) 100vw, 768px\" \/>\t\t\t\t\t\t\t\t\t\t\t\t\t\t\t<\/div>\n\t\t\t\t<\/div>\n\t\t\t\t<\/div>\n\t\t<div class=\"elementor-element elementor-element-7f4ced8 e-con-full e-flex e-con e-child\" data-id=\"7f4ced8\" data-element_type=\"container\" data-e-type=\"container\">\n\t\t\t\t<div class=\"elementor-element elementor-element-879a18e elementor-widget elementor-widget-text-editor\" data-id=\"879a18e\" data-element_type=\"widget\" data-e-type=\"widget\" data-widget_type=\"text-editor.default\">\n\t\t\t\t<div class=\"elementor-widget-container\">\n\t\t\t\t\t\t\t\t\t<p style=\"font-weight: 400;\">Alessandra Diaz-Cappelleti es abogada asociada en Your Immigration Attorney, PLLC. La Sra. D\u00edaz-Cappelleti est\u00e1 especializada en inmigraci\u00f3n familiar, solicitudes de visado y casos de asilo. La Sra. D\u00edaz-Cappelleti habla ingl\u00e9s y espa\u00f1ol con fluidez y le apasiona ayudar a particulares y familias a navegar por las complejidades de la ley de inmigraci\u00f3n. Con un fuerte compromiso con la defensa del cliente, la Sra. Diaz-Cappelleti trabaja diligentemente para garantizar que el caso de cada cliente se trate con el m\u00e1ximo cuidado y atenci\u00f3n.<\/p>\n<p style=\"font-weight: 400;\">\n<p style=\"font-weight: 400;\">La Sra. D\u00edaz-Cappelleti se licenci\u00f3 en Derecho en 2019 por la Facultad de Derecho de la Universidad St. Thomas, donde se gradu\u00f3 cum laude y obtuvo un certificado en Derecho de la Propiedad Intelectual. Durante su estancia en St. Thomas, recibi\u00f3 dos premios CALI Book Awards en Procedimiento Penal y Asociaciones Empresariales y recibi\u00f3 un premio de reconocimiento Pro Bono por dedicar m\u00e1s de 100 horas al servicio p\u00fablico. La Sra. D\u00edaz-Cappelleti tambi\u00e9n realiz\u00f3 pr\u00e1cticas en el Tribunal de Distrito de EE.UU. para el Distrito Sur de Florida bajo la direcci\u00f3n del Honorable John J. O&#8217;Sullivan. Antes de estudiar Derecho, la Sra. D\u00edaz-Cappelleti se licenci\u00f3 en Marketing por la Facultad de Empresariales de la Universidad Estatal de Florida, con especializaci\u00f3n en Relaciones Internacionales.<\/p>\n\t\t\t\t\t\t\t\t<\/div>\n\t\t\t\t<\/div>\n\t\t\t\t<\/div>\n\t\t\t\t\t<\/div>\n\t\t\t\t<\/div>\n\t\t<div class=\"elementor-element elementor-element-76cab70 e-flex e-con-boxed e-con e-parent\" data-id=\"76cab70\" data-element_type=\"container\" data-e-type=\"container\">\n\t\t\t\t\t<div class=\"e-con-inner\">\n\t\t\t\t\t<\/div>\n\t\t\t\t<\/div>\n\t\t\t\t<\/div>\n\t\t","protected":false},"excerpt":{"rendered":"<p>Alessandra D\u00edaz-Cappelleti Alessandra Diaz-Cappelleti es abogada asociada en Your Immigration Attorney, PLLC. La Sra. D\u00edaz-Cappelleti est\u00e1 especializada en inmigraci\u00f3n familiar, solicitudes de visado y casos de asilo. La Sra. D\u00edaz-Cappelleti habla ingl\u00e9s y espa\u00f1ol con fluidez y le apasiona ayudar a particulares y familias a navegar por las complejidades de la ley de inmigraci\u00f3n. Con<\/p>\n","protected":false},"author":2,"featured_media":0,"parent":0,"menu_order":0,"comment_status":"closed","ping_status":"closed","template":"","meta":{"_coblocks_attr":"","_coblocks_dimensions":"","_coblocks_responsive_height":"","_coblocks_accordion_ie_support":"","footnotes":""},"class_list":["post-16925","page","type-page","status-publish","hentry"],"yoast_head":"<!-- This site is optimized with the Yoast SEO plugin v27.3 - https:\/\/yoast.com\/product\/yoast-seo-wordpress\/ -->\n<title>Alessandra D\u00edaz-Cappelleti - Your Immigration Attorney<\/title>\n<meta name=\"robots\" content=\"index, follow, max-snippet:-1, max-image-preview:large, max-video-preview:-1\" \/>\n<link rel=\"canonical\" href=\"https:\/\/yourimmigrationattorney.com\/es\/alessandra-diaz-cappelleti\/\" \/>\n<meta property=\"og:locale\" content=\"es_ES\" \/>\n<meta property=\"og:type\" content=\"article\" \/>\n<meta property=\"og:title\" content=\"Alessandra D\u00edaz-Cappelleti - Your Immigration Attorney\" \/>\n<meta property=\"og:description\" content=\"Alessandra D\u00edaz-Cappelleti Alessandra Diaz-Cappelleti es abogada asociada en Your Immigration Attorney, PLLC. La Sra. D\u00edaz-Cappelleti est\u00e1 especializada en inmigraci\u00f3n familiar, solicitudes de visado y casos de asilo. La Sra. D\u00edaz-Cappelleti habla ingl\u00e9s y espa\u00f1ol con fluidez y le apasiona ayudar a particulares y familias a navegar por las complejidades de la ley de inmigraci\u00f3n. Con\" \/>\n<meta property=\"og:url\" content=\"https:\/\/yourimmigrationattorney.com\/es\/alessandra-diaz-cappelleti\/\" \/>\n<meta property=\"og:site_name\" content=\"Your Immigration Attorney\" \/>\n<meta property=\"article:modified_time\" content=\"2025-08-27T15:45:41+00:00\" \/>\n<meta property=\"og:image\" content=\"https:\/\/yourimmigrationattorney.com\/wp-content\/uploads\/2025\/01\/20240403_yia_525-Edit-scaled.jpg\" \/>\n\t<meta property=\"og:image:width\" content=\"743\" \/>\n\t<meta property=\"og:image:height\" content=\"1080\" \/>\n\t<meta property=\"og:image:type\" content=\"image\/jpeg\" \/>\n<meta name=\"twitter:card\" content=\"summary_large_image\" \/>\n<meta name=\"twitter:label1\" content=\"Tiempo de lectura\" \/>\n\t<meta name=\"twitter:data1\" content=\"1 minuto\" \/>\n<script type=\"application\/ld+json\" class=\"yoast-schema-graph\">{\"@context\":\"https:\\\/\\\/schema.org\",\"@graph\":[{\"@type\":\"WebPage\",\"@id\":\"https:\\\/\\\/yourimmigrationattorney.com\\\/es\\\/alessandra-diaz-cappelleti\\\/\",\"url\":\"https:\\\/\\\/yourimmigrationattorney.com\\\/es\\\/alessandra-diaz-cappelleti\\\/\",\"name\":\"Alessandra D\u00edaz-Cappelleti - Your Immigration Attorney\",\"isPartOf\":{\"@id\":\"https:\\\/\\\/yourimmigrationattorney.com\\\/es\\\/#website\"},\"primaryImageOfPage\":{\"@id\":\"https:\\\/\\\/yourimmigrationattorney.com\\\/es\\\/alessandra-diaz-cappelleti\\\/#primaryimage\"},\"image\":{\"@id\":\"https:\\\/\\\/yourimmigrationattorney.com\\\/es\\\/alessandra-diaz-cappelleti\\\/#primaryimage\"},\"thumbnailUrl\":\"https:\\\/\\\/yourimmigrationattorney.com\\\/wp-content\\\/uploads\\\/2025\\\/01\\\/20240403_yia_525-Edit-768x1116.jpg\",\"datePublished\":\"2025-01-22T18:07:35+00:00\",\"dateModified\":\"2025-08-27T15:45:41+00:00\",\"breadcrumb\":{\"@id\":\"https:\\\/\\\/yourimmigrationattorney.com\\\/es\\\/alessandra-diaz-cappelleti\\\/#breadcrumb\"},\"inLanguage\":\"es\",\"potentialAction\":[{\"@type\":\"ReadAction\",\"target\":[\"https:\\\/\\\/yourimmigrationattorney.com\\\/es\\\/alessandra-diaz-cappelleti\\\/\"]}]},{\"@type\":\"ImageObject\",\"inLanguage\":\"es\",\"@id\":\"https:\\\/\\\/yourimmigrationattorney.com\\\/es\\\/alessandra-diaz-cappelleti\\\/#primaryimage\",\"url\":\"https:\\\/\\\/yourimmigrationattorney.com\\\/wp-content\\\/uploads\\\/2025\\\/01\\\/20240403_yia_525-Edit-768x1116.jpg\",\"contentUrl\":\"https:\\\/\\\/yourimmigrationattorney.com\\\/wp-content\\\/uploads\\\/2025\\\/01\\\/20240403_yia_525-Edit-768x1116.jpg\"},{\"@type\":\"BreadcrumbList\",\"@id\":\"https:\\\/\\\/yourimmigrationattorney.com\\\/es\\\/alessandra-diaz-cappelleti\\\/#breadcrumb\",\"itemListElement\":[{\"@type\":\"ListItem\",\"position\":1,\"name\":\"Home\",\"item\":\"https:\\\/\\\/yourimmigrationattorney.com\\\/es\\\/\"},{\"@type\":\"ListItem\",\"position\":2,\"name\":\"Alessandra D\u00edaz-Cappelleti\"}]},{\"@type\":\"WebSite\",\"@id\":\"https:\\\/\\\/yourimmigrationattorney.com\\\/es\\\/#website\",\"url\":\"https:\\\/\\\/yourimmigrationattorney.com\\\/es\\\/\",\"name\":\"Your Immigration Attorney\",\"description\":\"\",\"potentialAction\":[{\"@type\":\"SearchAction\",\"target\":{\"@type\":\"EntryPoint\",\"urlTemplate\":\"https:\\\/\\\/yourimmigrationattorney.com\\\/es\\\/?s={search_term_string}\"},\"query-input\":{\"@type\":\"PropertyValueSpecification\",\"valueRequired\":true,\"valueName\":\"search_term_string\"}}],\"inLanguage\":\"es\"}]}<\/script>\n<!-- \/ Yoast SEO plugin. -->","yoast_head_json":{"title":"Alessandra D\u00edaz-Cappelleti - Your Immigration Attorney","robots":{"index":"index","follow":"follow","max-snippet":"max-snippet:-1","max-image-preview":"max-image-preview:large","max-video-preview":"max-video-preview:-1"},"canonical":"https:\/\/yourimmigrationattorney.com\/es\/alessandra-diaz-cappelleti\/","og_locale":"es_ES","og_type":"article","og_title":"Alessandra D\u00edaz-Cappelleti - Your Immigration Attorney","og_description":"Alessandra D\u00edaz-Cappelleti Alessandra Diaz-Cappelleti es abogada asociada en Your Immigration Attorney, PLLC. La Sra. D\u00edaz-Cappelleti est\u00e1 especializada en inmigraci\u00f3n familiar, solicitudes de visado y casos de asilo. La Sra. D\u00edaz-Cappelleti habla ingl\u00e9s y espa\u00f1ol con fluidez y le apasiona ayudar a particulares y familias a navegar por las complejidades de la ley de inmigraci\u00f3n. Con","og_url":"https:\/\/yourimmigrationattorney.com\/es\/alessandra-diaz-cappelleti\/","og_site_name":"Your Immigration Attorney","article_modified_time":"2025-08-27T15:45:41+00:00","og_image":[{"width":743,"height":1080,"url":"https:\/\/yourimmigrationattorney.com\/wp-content\/uploads\/2025\/01\/20240403_yia_525-Edit-scaled.jpg","type":"image\/jpeg"}],"twitter_card":"summary_large_image","twitter_misc":{"Tiempo de lectura":"1 minuto"},"schema":{"@context":"https:\/\/schema.org","@graph":[{"@type":"WebPage","@id":"https:\/\/yourimmigrationattorney.com\/es\/alessandra-diaz-cappelleti\/","url":"https:\/\/yourimmigrationattorney.com\/es\/alessandra-diaz-cappelleti\/","name":"Alessandra D\u00edaz-Cappelleti - Your Immigration Attorney","isPartOf":{"@id":"https:\/\/yourimmigrationattorney.com\/es\/#website"},"primaryImageOfPage":{"@id":"https:\/\/yourimmigrationattorney.com\/es\/alessandra-diaz-cappelleti\/#primaryimage"},"image":{"@id":"https:\/\/yourimmigrationattorney.com\/es\/alessandra-diaz-cappelleti\/#primaryimage"},"thumbnailUrl":"https:\/\/yourimmigrationattorney.com\/wp-content\/uploads\/2025\/01\/20240403_yia_525-Edit-768x1116.jpg","datePublished":"2025-01-22T18:07:35+00:00","dateModified":"2025-08-27T15:45:41+00:00","breadcrumb":{"@id":"https:\/\/yourimmigrationattorney.com\/es\/alessandra-diaz-cappelleti\/#breadcrumb"},"inLanguage":"es","potentialAction":[{"@type":"ReadAction","target":["https:\/\/yourimmigrationattorney.com\/es\/alessandra-diaz-cappelleti\/"]}]},{"@type":"ImageObject","inLanguage":"es","@id":"https:\/\/yourimmigrationattorney.com\/es\/alessandra-diaz-cappelleti\/#primaryimage","url":"https:\/\/yourimmigrationattorney.com\/wp-content\/uploads\/2025\/01\/20240403_yia_525-Edit-768x1116.jpg","contentUrl":"https:\/\/yourimmigrationattorney.com\/wp-content\/uploads\/2025\/01\/20240403_yia_525-Edit-768x1116.jpg"},{"@type":"BreadcrumbList","@id":"https:\/\/yourimmigrationattorney.com\/es\/alessandra-diaz-cappelleti\/#breadcrumb","itemListElement":[{"@type":"ListItem","position":1,"name":"Home","item":"https:\/\/yourimmigrationattorney.com\/es\/"},{"@type":"ListItem","position":2,"name":"Alessandra D\u00edaz-Cappelleti"}]},{"@type":"WebSite","@id":"https:\/\/yourimmigrationattorney.com\/es\/#website","url":"https:\/\/yourimmigrationattorney.com\/es\/","name":"Your Immigration Attorney","description":"","potentialAction":[{"@type":"SearchAction","target":{"@type":"EntryPoint","urlTemplate":"https:\/\/yourimmigrationattorney.com\/es\/?s={search_term_string}"},"query-input":{"@type":"PropertyValueSpecification","valueRequired":true,"valueName":"search_term_string"}}],"inLanguage":"es"}]}},"_links":{"self":[{"href":"https:\/\/yourimmigrationattorney.com\/es\/wp-json\/wp\/v2\/pages\/16925","targetHints":{"allow":["GET"]}}],"collection":[{"href":"https:\/\/yourimmigrationattorney.com\/es\/wp-json\/wp\/v2\/pages"}],"about":[{"href":"https:\/\/yourimmigrationattorney.com\/es\/wp-json\/wp\/v2\/types\/page"}],"author":[{"embeddable":true,"href":"https:\/\/yourimmigrationattorney.com\/es\/wp-json\/wp\/v2\/users\/2"}],"replies":[{"embeddable":true,"href":"https:\/\/yourimmigrationattorney.com\/es\/wp-json\/wp\/v2\/comments?post=16925"}],"version-history":[{"count":1,"href":"https:\/\/yourimmigrationattorney.com\/es\/wp-json\/wp\/v2\/pages\/16925\/revisions"}],"predecessor-version":[{"id":16926,"href":"https:\/\/yourimmigrationattorney.com\/es\/wp-json\/wp\/v2\/pages\/16925\/revisions\/16926"}],"wp:attachment":[{"href":"https:\/\/yourimmigrationattorney.com\/es\/wp-json\/wp\/v2\/media?parent=16925"}],"curies":[{"name":"wp","href":"https:\/\/api.w.org\/{rel}","templated":true}]}}