{"id":16840,"date":"2024-09-19T18:36:10","date_gmt":"2024-09-19T18:36:10","guid":{"rendered":"https:\/\/yourimmigrationattorney.com\/hector-diaz\/"},"modified":"2024-09-19T18:45:48","modified_gmt":"2024-09-19T18:45:48","slug":"hector-diaz","status":"publish","type":"page","link":"https:\/\/yourimmigrationattorney.com\/es\/hector-diaz\/","title":{"rendered":"H\u00e9ctor D\u00edaz"},"content":{"rendered":"\t\t<div data-elementor-type=\"wp-page\" data-elementor-id=\"16840\" class=\"elementor elementor-16840 elementor-16830\">\n\t\t\t\t<div class=\"elementor-element elementor-element-769c0ee e-flex e-con-boxed e-con e-parent\" data-id=\"769c0ee\" data-element_type=\"container\" data-e-type=\"container\">\n\t\t\t\t\t<div class=\"e-con-inner\">\n\t\t<div class=\"elementor-element elementor-element-9ed17e5 e-flex e-con-boxed e-con e-child\" data-id=\"9ed17e5\" data-element_type=\"container\" data-e-type=\"container\">\n\t\t\t\t\t<div class=\"e-con-inner\">\n\t\t\t\t<div class=\"elementor-element elementor-element-e5c3e73 elementor-widget elementor-widget-heading\" data-id=\"e5c3e73\" data-element_type=\"widget\" data-e-type=\"widget\" data-widget_type=\"heading.default\">\n\t\t\t\t<div class=\"elementor-widget-container\">\n\t\t\t\t\t<h2 class=\"elementor-heading-title elementor-size-default\">H\u00e9ctor D\u00edaz<\/h2>\t\t\t\t<\/div>\n\t\t\t\t<\/div>\n\t\t\t\t\t<\/div>\n\t\t\t\t<\/div>\n\t\t\t\t\t<\/div>\n\t\t\t\t<\/div>\n\t\t<div class=\"elementor-element elementor-element-cc6e98d e-flex e-con-boxed e-con e-parent\" data-id=\"cc6e98d\" data-element_type=\"container\" data-e-type=\"container\">\n\t\t\t\t\t<div class=\"e-con-inner\">\n\t\t<div class=\"elementor-element elementor-element-70410dc e-con-full e-flex e-con e-child\" data-id=\"70410dc\" data-element_type=\"container\" data-e-type=\"container\">\n\t\t\t\t<div class=\"elementor-element elementor-element-bebc52d elementor-widget elementor-widget-image\" data-id=\"bebc52d\" data-element_type=\"widget\" data-e-type=\"widget\" data-widget_type=\"image.default\">\n\t\t\t\t<div class=\"elementor-widget-container\">\n\t\t\t\t\t\t\t\t\t\t\t\t\t\t\t<img fetchpriority=\"high\" decoding=\"async\" width=\"1024\" height=\"682\" src=\"https:\/\/yourimmigrationattorney.com\/wp-content\/uploads\/2024\/09\/hector-diaz-headshot-1024x682.jpeg\" class=\"attachment-large size-large wp-image-16834\" alt=\"\" srcset=\"https:\/\/yourimmigrationattorney.com\/wp-content\/uploads\/2024\/09\/hector-diaz-headshot-1024x682.jpeg 1024w, https:\/\/yourimmigrationattorney.com\/wp-content\/uploads\/2024\/09\/hector-diaz-headshot-300x200.jpeg 300w, https:\/\/yourimmigrationattorney.com\/wp-content\/uploads\/2024\/09\/hector-diaz-headshot-768x512.jpeg 768w, https:\/\/yourimmigrationattorney.com\/wp-content\/uploads\/2024\/09\/hector-diaz-headshot-900x600.jpeg 900w, https:\/\/yourimmigrationattorney.com\/wp-content\/uploads\/2024\/09\/hector-diaz-headshot-600x400.jpeg 600w, https:\/\/yourimmigrationattorney.com\/wp-content\/uploads\/2024\/09\/hector-diaz-headshot.jpeg 1280w\" sizes=\"(max-width: 1024px) 100vw, 1024px\" \/>\t\t\t\t\t\t\t\t\t\t\t\t\t\t\t<\/div>\n\t\t\t\t<\/div>\n\t\t\t\t<\/div>\n\t\t<div class=\"elementor-element elementor-element-7f4ced8 e-con-full e-flex e-con e-child\" data-id=\"7f4ced8\" data-element_type=\"container\" data-e-type=\"container\">\n\t\t\t\t<div class=\"elementor-element elementor-element-879a18e elementor-widget elementor-widget-text-editor\" data-id=\"879a18e\" data-element_type=\"widget\" data-e-type=\"widget\" data-widget_type=\"text-editor.default\">\n\t\t\t\t<div class=\"elementor-widget-container\">\n\t\t\t\t\t\t\t\t\t<p>H\u00e9ctor D\u00edaz es un abogado de inmigraci\u00f3n altamente experimentado con m\u00e1s de 32 a\u00f1os de experiencia en derecho de inmigraci\u00f3n y nacionalidad.<br \/>\nLicenciado en 1988 por la Universidad de St. Mary&#8217;s y graduado en 1999 por la Facultad de Derecho de la Universidad de St. Mary&#8217;s, donde obtuvo el t\u00edtulo de Juris Doctor, H\u00e9ctor es miembro del Colegio de Abogados de Florida desde 1992.<br \/>\nTambi\u00e9n es un orgulloso miembro de la Asociaci\u00f3n Americana de Abogados de Inmigraci\u00f3n.  <\/p>\n<p>A lo largo de su distinguida carrera, H\u00e9ctor ha actuado como abogado principal en miles de procedimientos de deportaci\u00f3n y expulsi\u00f3n, as\u00ed como en peticiones de inmigrantes y no inmigrantes ante el Servicio de Ciudadan\u00eda e Inmigraci\u00f3n de los Estados Unidos (USCIS).<br \/>\nSu amplia experiencia se extiende a las solicitudes de visado consular, en las que ha representado a innumerables clientes ante el Departamento de Estado de EE.UU. <\/p>\n<p>H\u00e9ctor, que habla ingl\u00e9s y espa\u00f1ol con fluidez, se compromete a prestar servicios jur\u00eddicos compasivos y eficaces a los inmigrantes y sus familias, ayud\u00e1ndoles a navegar por las complejidades del sistema de inmigraci\u00f3n estadounidense.<\/p>\n\t\t\t\t\t\t\t\t<\/div>\n\t\t\t\t<\/div>\n\t\t\t\t<\/div>\n\t\t\t\t\t<\/div>\n\t\t\t\t<\/div>\n\t\t<div class=\"elementor-element elementor-element-76cab70 e-flex e-con-boxed e-con e-parent\" data-id=\"76cab70\" data-element_type=\"container\" data-e-type=\"container\">\n\t\t\t\t\t<div class=\"e-con-inner\">\n\t\t\t\t\t<\/div>\n\t\t\t\t<\/div>\n\t\t\t\t<\/div>\n\t\t","protected":false},"excerpt":{"rendered":"<p>H\u00e9ctor D\u00edaz H\u00e9ctor D\u00edaz es un abogado de inmigraci\u00f3n altamente experimentado con m\u00e1s de 32 a\u00f1os de experiencia en derecho de inmigraci\u00f3n y nacionalidad. Licenciado en 1988 por la Universidad de St. Mary&#8217;s y graduado en 1999 por la Facultad de Derecho de la Universidad de St. Mary&#8217;s, donde obtuvo el t\u00edtulo de Juris Doctor,<\/p>\n","protected":false},"author":2,"featured_media":0,"parent":0,"menu_order":0,"comment_status":"closed","ping_status":"closed","template":"","meta":{"_coblocks_attr":"","_coblocks_dimensions":"","_coblocks_responsive_height":"","_coblocks_accordion_ie_support":"","footnotes":""},"class_list":["post-16840","page","type-page","status-publish","hentry"],"yoast_head":"<!-- This site is optimized with the Yoast SEO plugin v27.3 - https:\/\/yoast.com\/product\/yoast-seo-wordpress\/ -->\n<title>H\u00e9ctor D\u00edaz - Your Immigration Attorney<\/title>\n<meta name=\"robots\" content=\"index, follow, max-snippet:-1, max-image-preview:large, max-video-preview:-1\" \/>\n<link rel=\"canonical\" href=\"https:\/\/yourimmigrationattorney.com\/es\/hector-diaz\/\" \/>\n<meta property=\"og:locale\" content=\"es_ES\" \/>\n<meta property=\"og:type\" content=\"article\" \/>\n<meta property=\"og:title\" content=\"H\u00e9ctor D\u00edaz - Your Immigration Attorney\" \/>\n<meta property=\"og:description\" content=\"H\u00e9ctor D\u00edaz H\u00e9ctor D\u00edaz es un abogado de inmigraci\u00f3n altamente experimentado con m\u00e1s de 32 a\u00f1os de experiencia en derecho de inmigraci\u00f3n y nacionalidad. Licenciado en 1988 por la Universidad de St. Mary&#8217;s y graduado en 1999 por la Facultad de Derecho de la Universidad de St. Mary&#8217;s, donde obtuvo el t\u00edtulo de Juris Doctor,\" \/>\n<meta property=\"og:url\" content=\"https:\/\/yourimmigrationattorney.com\/es\/hector-diaz\/\" \/>\n<meta property=\"og:site_name\" content=\"Your Immigration Attorney\" \/>\n<meta property=\"article:modified_time\" content=\"2024-09-19T18:45:48+00:00\" \/>\n<meta property=\"og:image\" content=\"https:\/\/yourimmigrationattorney.com\/wp-content\/uploads\/2024\/09\/hector-diaz-headshot-1024x682.jpeg\" \/>\n<meta name=\"twitter:card\" content=\"summary_large_image\" \/>\n<meta name=\"twitter:label1\" content=\"Tiempo de lectura\" \/>\n\t<meta name=\"twitter:data1\" content=\"1 minuto\" \/>\n<script type=\"application\/ld+json\" class=\"yoast-schema-graph\">{\"@context\":\"https:\\\/\\\/schema.org\",\"@graph\":[{\"@type\":\"WebPage\",\"@id\":\"https:\\\/\\\/yourimmigrationattorney.com\\\/es\\\/hector-diaz\\\/\",\"url\":\"https:\\\/\\\/yourimmigrationattorney.com\\\/es\\\/hector-diaz\\\/\",\"name\":\"H\u00e9ctor D\u00edaz - Your Immigration Attorney\",\"isPartOf\":{\"@id\":\"https:\\\/\\\/yourimmigrationattorney.com\\\/es\\\/#website\"},\"primaryImageOfPage\":{\"@id\":\"https:\\\/\\\/yourimmigrationattorney.com\\\/es\\\/hector-diaz\\\/#primaryimage\"},\"image\":{\"@id\":\"https:\\\/\\\/yourimmigrationattorney.com\\\/es\\\/hector-diaz\\\/#primaryimage\"},\"thumbnailUrl\":\"https:\\\/\\\/yourimmigrationattorney.com\\\/wp-content\\\/uploads\\\/2024\\\/09\\\/hector-diaz-headshot-1024x682.jpeg\",\"datePublished\":\"2024-09-19T18:36:10+00:00\",\"dateModified\":\"2024-09-19T18:45:48+00:00\",\"breadcrumb\":{\"@id\":\"https:\\\/\\\/yourimmigrationattorney.com\\\/es\\\/hector-diaz\\\/#breadcrumb\"},\"inLanguage\":\"es\",\"potentialAction\":[{\"@type\":\"ReadAction\",\"target\":[\"https:\\\/\\\/yourimmigrationattorney.com\\\/es\\\/hector-diaz\\\/\"]}]},{\"@type\":\"ImageObject\",\"inLanguage\":\"es\",\"@id\":\"https:\\\/\\\/yourimmigrationattorney.com\\\/es\\\/hector-diaz\\\/#primaryimage\",\"url\":\"https:\\\/\\\/yourimmigrationattorney.com\\\/wp-content\\\/uploads\\\/2024\\\/09\\\/hector-diaz-headshot-1024x682.jpeg\",\"contentUrl\":\"https:\\\/\\\/yourimmigrationattorney.com\\\/wp-content\\\/uploads\\\/2024\\\/09\\\/hector-diaz-headshot-1024x682.jpeg\"},{\"@type\":\"BreadcrumbList\",\"@id\":\"https:\\\/\\\/yourimmigrationattorney.com\\\/es\\\/hector-diaz\\\/#breadcrumb\",\"itemListElement\":[{\"@type\":\"ListItem\",\"position\":1,\"name\":\"Home\",\"item\":\"https:\\\/\\\/yourimmigrationattorney.com\\\/es\\\/\"},{\"@type\":\"ListItem\",\"position\":2,\"name\":\"H\u00e9ctor D\u00edaz\"}]},{\"@type\":\"WebSite\",\"@id\":\"https:\\\/\\\/yourimmigrationattorney.com\\\/es\\\/#website\",\"url\":\"https:\\\/\\\/yourimmigrationattorney.com\\\/es\\\/\",\"name\":\"Your Immigration Attorney\",\"description\":\"\",\"potentialAction\":[{\"@type\":\"SearchAction\",\"target\":{\"@type\":\"EntryPoint\",\"urlTemplate\":\"https:\\\/\\\/yourimmigrationattorney.com\\\/es\\\/?s={search_term_string}\"},\"query-input\":{\"@type\":\"PropertyValueSpecification\",\"valueRequired\":true,\"valueName\":\"search_term_string\"}}],\"inLanguage\":\"es\"}]}<\/script>\n<!-- \/ Yoast SEO plugin. -->","yoast_head_json":{"title":"H\u00e9ctor D\u00edaz - Your Immigration Attorney","robots":{"index":"index","follow":"follow","max-snippet":"max-snippet:-1","max-image-preview":"max-image-preview:large","max-video-preview":"max-video-preview:-1"},"canonical":"https:\/\/yourimmigrationattorney.com\/es\/hector-diaz\/","og_locale":"es_ES","og_type":"article","og_title":"H\u00e9ctor D\u00edaz - Your Immigration Attorney","og_description":"H\u00e9ctor D\u00edaz H\u00e9ctor D\u00edaz es un abogado de inmigraci\u00f3n altamente experimentado con m\u00e1s de 32 a\u00f1os de experiencia en derecho de inmigraci\u00f3n y nacionalidad. Licenciado en 1988 por la Universidad de St. Mary&#8217;s y graduado en 1999 por la Facultad de Derecho de la Universidad de St. Mary&#8217;s, donde obtuvo el t\u00edtulo de Juris Doctor,","og_url":"https:\/\/yourimmigrationattorney.com\/es\/hector-diaz\/","og_site_name":"Your Immigration Attorney","article_modified_time":"2024-09-19T18:45:48+00:00","og_image":[{"url":"https:\/\/yourimmigrationattorney.com\/wp-content\/uploads\/2024\/09\/hector-diaz-headshot-1024x682.jpeg","type":"","width":"","height":""}],"twitter_card":"summary_large_image","twitter_misc":{"Tiempo de lectura":"1 minuto"},"schema":{"@context":"https:\/\/schema.org","@graph":[{"@type":"WebPage","@id":"https:\/\/yourimmigrationattorney.com\/es\/hector-diaz\/","url":"https:\/\/yourimmigrationattorney.com\/es\/hector-diaz\/","name":"H\u00e9ctor D\u00edaz - Your Immigration Attorney","isPartOf":{"@id":"https:\/\/yourimmigrationattorney.com\/es\/#website"},"primaryImageOfPage":{"@id":"https:\/\/yourimmigrationattorney.com\/es\/hector-diaz\/#primaryimage"},"image":{"@id":"https:\/\/yourimmigrationattorney.com\/es\/hector-diaz\/#primaryimage"},"thumbnailUrl":"https:\/\/yourimmigrationattorney.com\/wp-content\/uploads\/2024\/09\/hector-diaz-headshot-1024x682.jpeg","datePublished":"2024-09-19T18:36:10+00:00","dateModified":"2024-09-19T18:45:48+00:00","breadcrumb":{"@id":"https:\/\/yourimmigrationattorney.com\/es\/hector-diaz\/#breadcrumb"},"inLanguage":"es","potentialAction":[{"@type":"ReadAction","target":["https:\/\/yourimmigrationattorney.com\/es\/hector-diaz\/"]}]},{"@type":"ImageObject","inLanguage":"es","@id":"https:\/\/yourimmigrationattorney.com\/es\/hector-diaz\/#primaryimage","url":"https:\/\/yourimmigrationattorney.com\/wp-content\/uploads\/2024\/09\/hector-diaz-headshot-1024x682.jpeg","contentUrl":"https:\/\/yourimmigrationattorney.com\/wp-content\/uploads\/2024\/09\/hector-diaz-headshot-1024x682.jpeg"},{"@type":"BreadcrumbList","@id":"https:\/\/yourimmigrationattorney.com\/es\/hector-diaz\/#breadcrumb","itemListElement":[{"@type":"ListItem","position":1,"name":"Home","item":"https:\/\/yourimmigrationattorney.com\/es\/"},{"@type":"ListItem","position":2,"name":"H\u00e9ctor D\u00edaz"}]},{"@type":"WebSite","@id":"https:\/\/yourimmigrationattorney.com\/es\/#website","url":"https:\/\/yourimmigrationattorney.com\/es\/","name":"Your Immigration Attorney","description":"","potentialAction":[{"@type":"SearchAction","target":{"@type":"EntryPoint","urlTemplate":"https:\/\/yourimmigrationattorney.com\/es\/?s={search_term_string}"},"query-input":{"@type":"PropertyValueSpecification","valueRequired":true,"valueName":"search_term_string"}}],"inLanguage":"es"}]}},"_links":{"self":[{"href":"https:\/\/yourimmigrationattorney.com\/es\/wp-json\/wp\/v2\/pages\/16840","targetHints":{"allow":["GET"]}}],"collection":[{"href":"https:\/\/yourimmigrationattorney.com\/es\/wp-json\/wp\/v2\/pages"}],"about":[{"href":"https:\/\/yourimmigrationattorney.com\/es\/wp-json\/wp\/v2\/types\/page"}],"author":[{"embeddable":true,"href":"https:\/\/yourimmigrationattorney.com\/es\/wp-json\/wp\/v2\/users\/2"}],"replies":[{"embeddable":true,"href":"https:\/\/yourimmigrationattorney.com\/es\/wp-json\/wp\/v2\/comments?post=16840"}],"version-history":[{"count":1,"href":"https:\/\/yourimmigrationattorney.com\/es\/wp-json\/wp\/v2\/pages\/16840\/revisions"}],"predecessor-version":[{"id":16841,"href":"https:\/\/yourimmigrationattorney.com\/es\/wp-json\/wp\/v2\/pages\/16840\/revisions\/16841"}],"wp:attachment":[{"href":"https:\/\/yourimmigrationattorney.com\/es\/wp-json\/wp\/v2\/media?parent=16840"}],"curies":[{"name":"wp","href":"https:\/\/api.w.org\/{rel}","templated":true}]}}