{"id":16551,"date":"2016-01-07T04:23:21","date_gmt":"2016-01-07T04:23:21","guid":{"rendered":"https:\/\/yourimmigrationattorney.com\/historia-de-la-empresa\/"},"modified":"2024-05-20T14:30:53","modified_gmt":"2024-05-20T14:30:53","slug":"historia-de-la-empresa","status":"publish","type":"page","link":"https:\/\/yourimmigrationattorney.com\/es\/historia-de-la-empresa\/","title":{"rendered":"QUIENES SOMOS"},"content":{"rendered":"\t\t<div data-elementor-type=\"wp-page\" data-elementor-id=\"16551\" class=\"elementor elementor-16551 elementor-377\">\n\t\t\t\t\t\t<section class=\"elementor-section elementor-top-section elementor-element elementor-element-a70d2ca elementor-section-boxed elementor-section-height-default elementor-section-height-default\" data-id=\"a70d2ca\" data-element_type=\"section\" data-e-type=\"section\" data-settings=\"{&quot;background_background&quot;:&quot;classic&quot;}\">\n\t\t\t\t\t\t<div class=\"elementor-container elementor-column-gap-default\">\n\t\t\t\t\t<div class=\"elementor-column elementor-col-75 elementor-top-column elementor-element elementor-element-a70dafb\" data-id=\"a70dafb\" data-element_type=\"column\" data-e-type=\"column\">\n\t\t\t<div class=\"elementor-widget-wrap elementor-element-populated\">\n\t\t\t\t\t\t<div class=\"elementor-element elementor-element-8927839 elementor-widget elementor-widget-vc_custom_heading\" data-id=\"8927839\" data-element_type=\"widget\" data-e-type=\"widget\" data-widget_type=\"vc_custom_heading.default\">\n\t\t\t\t<div class=\"elementor-widget-container\">\n\t\t\t\t\t<div class=\" vc_custom_heading  consulting_heading_font  text_align_center\" ><h3 style=\"text-align: center\" class=\"consulting-custom-title\">Su Abogado De Inmigraci\u00f3n\n<\/h3><\/div>\t\t\t\t<\/div>\n\t\t\t\t<\/div>\n\t\t\t\t<div class=\"elementor-element elementor-element-4c2bafc elementor-widget elementor-widget-spacer\" data-id=\"4c2bafc\" data-element_type=\"widget\" data-e-type=\"widget\" data-widget_type=\"spacer.default\">\n\t\t\t\t<div class=\"elementor-widget-container\">\n\t\t\t\t\t\t\t<div class=\"elementor-spacer\">\n\t\t\t<div class=\"elementor-spacer-inner\"><\/div>\n\t\t<\/div>\n\t\t\t\t\t\t<\/div>\n\t\t\t\t<\/div>\n\t\t\t\t<div class=\"elementor-element elementor-element-51ff388 elementor-widget elementor-widget-text-editor\" data-id=\"51ff388\" data-element_type=\"widget\" data-e-type=\"widget\" data-widget_type=\"text-editor.default\">\n\t\t\t\t<div class=\"elementor-widget-container\">\n\t\t\t\t\t\t\t\t\t<p>Bienvenido a Su Abogado de Inmigraci\u00f3n, donde abogamos apasionadamente por sus derechos de inmigraci\u00f3n con el compromiso de asegurar la compensaci\u00f3n que usted se merece.<\/p>\n<p>Si usted est\u00e1 navegando las complejidades de las cuestiones de inmigraci\u00f3n, a su vez a su abogado de inmigraci\u00f3n para el apoyo inquebrantable. Si usted est\u00e1 enfrentando desaf\u00edos con las solicitudes de visado, procedimientos de deportaci\u00f3n, u otros asuntos de inmigraci\u00f3n, nuestro equipo legal de confianza se dedica a proporcionar una representaci\u00f3n s\u00f3lida desde el inicio de su caso hasta su resoluci\u00f3n.<\/p>\n<p>POR QU\u00c9 ELEGIR A SU ABOGADO DE INMIGRACI\u00d3N:<\/p>\n<ul>\n<li>Amplia experiencia en la tramitaci\u00f3n de m\u00e1s de 1.000 casos de inmigraci\u00f3n<\/li>\n<li>An\u00e1lisis y revisi\u00f3n de casos gratuitos<\/li>\n<li>Precios por adelantado<\/li>\n<li>Experiencia sin parang\u00f3n en Derecho de Extranjer\u00eda<\/li>\n<li>Fluent in Spanish &#8211; Se habla espa\u00f1ol<\/li>\n<\/ul>\n<p>En Su Abogado de Inmigraci\u00f3n, entendemos la importancia de su viaje de inmigraci\u00f3n, y estamos comprometidos a luchar sin descanso en su nombre. Antes de navegar por el intrincado paisaje de los problemas de inmigraci\u00f3n solo, llegue a Your Immigration Attorney\u00e2 \u20ac \u2122 Sus derechos importan, y estamos aqu\u00ed para protegerlos.<\/p>\n\t\t\t\t\t\t\t\t<\/div>\n\t\t\t\t<\/div>\n\t\t\t\t\t<\/div>\n\t\t<\/div>\n\t\t\t\t<div class=\"elementor-column elementor-col-25 elementor-top-column elementor-element elementor-element-a70f9ef elementor-hidden-tablet elementor-hidden-mobile\" data-id=\"a70f9ef\" data-element_type=\"column\" data-e-type=\"column\">\n\t\t\t<div class=\"elementor-widget-wrap elementor-element-populated\">\n\t\t\t\t\t\t<div class=\"elementor-element elementor-element-a7101cc elementor-widget elementor-widget-stm_sidebar\" data-id=\"a7101cc\" data-element_type=\"widget\" data-e-type=\"widget\" data-widget_type=\"stm_sidebar.default\">\n\t\t\t\t<div class=\"elementor-widget-container\">\n\t\t\t\t\t\n<div class=\"stm_sidebar consulting_elementor_sidebar\">\n\n            \t\t<div data-elementor-type=\"wp-post\" data-elementor-id=\"573\" class=\"elementor elementor-573\">\n\t\t\t\t\t\t<section class=\"elementor-section elementor-top-section elementor-element elementor-element-45221d4 elementor-section-boxed elementor-section-height-default elementor-section-height-default\" data-id=\"45221d4\" data-element_type=\"section\" data-e-type=\"section\">\n\t\t\t\t\t\t<div class=\"elementor-container elementor-column-gap-default\">\n\t\t\t\t\t<div class=\"elementor-column elementor-col-100 elementor-top-column elementor-element elementor-element-03802ec\" data-id=\"03802ec\" data-element_type=\"column\" data-e-type=\"column\">\n\t\t\t<div class=\"elementor-widget-wrap elementor-element-populated\">\n\t\t\t\t\t\t<div class=\"elementor-element elementor-element-93ac83a elementor-widget elementor-widget-wp-widget-nav_menu\" data-id=\"93ac83a\" data-element_type=\"widget\" data-e-type=\"widget\" data-widget_type=\"wp-widget-nav_menu.default\">\n\t\t\t\t<div class=\"elementor-widget-container\">\n\t\t\t\t\t<aside class='widget widget_nav_menu'><div class=\"menu-sidebar-menu-2-container\"><ul id=\"menu-sidebar-menu-2\" class=\"menu\"><li id=\"menu-item-15687\" class=\"menu-item menu-item-type-post_type menu-item-object-stm_service menu-item-15687\"><a href=\"https:\/\/yourimmigrationattorney.com\/service\/waivers-of-inadmissibility\/\">Exenciones de inadmisibilidad<\/a><\/li>\n<li id=\"menu-item-15688\" class=\"menu-item menu-item-type-post_type menu-item-object-stm_service menu-item-15688\"><a href=\"https:\/\/yourimmigrationattorney.com\/service\/permanent-residence-visa\/\">Visado de residencia permanente<\/a><\/li>\n<li id=\"menu-item-15689\" class=\"menu-item menu-item-type-post_type menu-item-object-stm_service menu-item-15689\"><a href=\"https:\/\/yourimmigrationattorney.com\/service\/non-immigrant-visa\/\">Visado de no inmigrante<\/a><\/li>\n<li id=\"menu-item-15690\" class=\"menu-item menu-item-type-post_type menu-item-object-stm_service menu-item-15690\"><a href=\"https:\/\/yourimmigrationattorney.com\/service\/naturalization\/\">Naturalizaci\u00f3n<\/a><\/li>\n<li id=\"menu-item-15691\" class=\"menu-item menu-item-type-post_type menu-item-object-stm_service menu-item-15691\"><a href=\"https:\/\/yourimmigrationattorney.com\/service\/motions-to-reopen\/\">Mociones de reapertura<\/a><\/li>\n<li id=\"menu-item-15692\" class=\"menu-item menu-item-type-post_type menu-item-object-stm_service menu-item-15692\"><a href=\"https:\/\/yourimmigrationattorney.com\/service\/marriage-visas\/\">Visados de matrimonio<\/a><\/li>\n<\/ul><\/div><\/aside>\t\t\t\t<\/div>\n\t\t\t\t<\/div>\n\t\t\t\t\t<\/div>\n\t\t<\/div>\n\t\t\t\t\t<\/div>\n\t\t<\/section>\n\t\t\t\t<section class=\"elementor-section elementor-top-section elementor-element elementor-element-684ecae elementor-section-boxed elementor-section-height-default elementor-section-height-default\" data-id=\"684ecae\" data-element_type=\"section\" data-e-type=\"section\" data-settings=\"{&quot;background_background&quot;:&quot;classic&quot;}\">\n\t\t\t\t\t\t<div class=\"elementor-container elementor-column-gap-default\">\n\t\t\t\t\t<div class=\"elementor-column elementor-col-100 elementor-top-column elementor-element elementor-element-684f35d\" data-id=\"684f35d\" data-element_type=\"column\" data-e-type=\"column\" data-settings=\"{&quot;background_background&quot;:&quot;classic&quot;}\">\n\t\t\t<div class=\"elementor-widget-wrap elementor-element-populated\">\n\t\t\t\t\t\t<div class=\"elementor-element elementor-element-684fa60 elementor-widget elementor-widget-vc_custom_heading\" data-id=\"684fa60\" data-element_type=\"widget\" data-e-type=\"widget\" data-widget_type=\"vc_custom_heading.default\">\n\t\t\t\t<div class=\"elementor-widget-container\">\n\t\t\t\t\t<div class=\" vc_custom_heading  consulting_heading_font  text_align_left title_no_stripe\" ><div style=\"font-size: 16px;color: #002E5B;text-align: left;font-weight:700\" class=\"consulting-custom-title\">HOW CAN WE HELP YOU?\n<\/div><\/div>\t\t\t\t<\/div>\n\t\t\t\t<\/div>\n\t\t\t\t<div class=\"elementor-element elementor-element-684ffaf elementor-widget elementor-widget-text-editor\" data-id=\"684ffaf\" data-element_type=\"widget\" data-e-type=\"widget\" data-widget_type=\"text-editor.default\">\n\t\t\t\t<div class=\"elementor-widget-container\">\n\t\t\t\t\t\t\t\t\t<p>We truly care about getting the best results for you. Our goal is to help you through powerful representation from start to finish. We work with clients all over Florida.\u00a0<\/p>\n\t\t\t\t\t\t\t\t<\/div>\n\t\t\t\t<\/div>\n\t\t\t\t<div class=\"elementor-element elementor-element-1f1498a elementor-widget__width-auto elementor-widget elementor-widget-button\" data-id=\"1f1498a\" data-element_type=\"widget\" data-e-type=\"widget\" data-widget_type=\"button.default\">\n\t\t\t\t<div class=\"elementor-widget-container\">\n\t\t\t\t\t\t\t\t\t<div class=\"elementor-button-wrapper icon_align_  \">\n\t\t\t\t\t<a class=\"elementor-button elementor-button-link elementor-size-md\" href=\"\/contact-us\/\">\n\t\t\t\t\t\t<span class=\"elementor-button-content-wrapper\">\n\t\t\t\t\t\t\t\t\t<span class=\"elementor-button-text\">CONTACT US<\/span>\n\t\t\t\t\t<\/span>\n\t\t\t\t\t<\/a>\n\t\t\t\t<\/div>\n\t\t\t\t\t\t\t\t<\/div>\n\t\t\t\t<\/div>\n\t\t\t\t\t<\/div>\n\t\t<\/div>\n\t\t\t\t\t<\/div>\n\t\t<\/section>\n\t\t\t\t<section class=\"elementor-section elementor-top-section elementor-element elementor-element-6851862 elementor-section-boxed elementor-section-height-default elementor-section-height-default\" data-id=\"6851862\" data-element_type=\"section\" data-e-type=\"section\" data-settings=\"{&quot;background_background&quot;:&quot;classic&quot;}\">\n\t\t\t\t\t\t<div class=\"elementor-container elementor-column-gap-default\">\n\t\t\t\t\t<div class=\"elementor-column elementor-col-100 elementor-top-column elementor-element elementor-element-6852032\" data-id=\"6852032\" data-element_type=\"column\" data-e-type=\"column\">\n\t\t\t<div class=\"elementor-widget-wrap elementor-element-populated\">\n\t\t\t\t\t\t<div class=\"elementor-element elementor-element-6853a44 elementor-widget elementor-widget-stm_testimonials\" data-id=\"6853a44\" data-element_type=\"widget\" data-e-type=\"widget\" data-widget_type=\"stm_testimonials.default\">\n\t\t\t\t<div class=\"elementor-widget-container\">\n\t\t\t\t\t\n\n\t\t\t<div class=\"stm_testimonials consulting_elementor_testimonials style_1\">\n\t\t\t\t\t\t\t<div class=\"item\">\n\t\t\t\t\t<div class=\"testimonial\"><p>Estamos muy orgullosos y agradecidos por los comentarios publicados por nuestros clientes con respecto a nuestros servicios legales. Estos comentarios hablan muy bien de nuestra experiencia legal y habilidades, confiabilidad, calidad de trabajo y resultados. Esa ha sido siempre, y ser\u00e1 siempre, nuestra misi\u00f3n profesional.<\/p>\n<\/div>\n\t\t\t\t\t<div class=\"testimonial-info clearfix\">\n\t\t\t\t\t\t<div class=\"testimonial-image\"><img decoding=\"async\" width=\"50\" height=\"50\" src=\"https:\/\/yourimmigrationattorney.com\/wp-content\/uploads\/2016\/01\/anthony-ridesharecrop-50x50.png\" class=\"attachment-consulting-image-50x50-croped size-consulting-image-50x50-croped wp-post-image\" alt=\"A man with a beard and mustache wearing a suit.\" srcset=\"https:\/\/yourimmigrationattorney.com\/wp-content\/uploads\/2016\/01\/anthony-ridesharecrop-50x50.png 50w, https:\/\/yourimmigrationattorney.com\/wp-content\/uploads\/2016\/01\/anthony-ridesharecrop-150x150.png 150w, https:\/\/yourimmigrationattorney.com\/wp-content\/uploads\/2016\/01\/anthony-ridesharecrop-320x320.png 320w, https:\/\/yourimmigrationattorney.com\/wp-content\/uploads\/2016\/01\/anthony-ridesharecrop-300x300.png 300w, https:\/\/yourimmigrationattorney.com\/wp-content\/uploads\/2016\/01\/anthony-ridesharecrop-100x100.png 100w\" sizes=\"(max-width: 50px) 100vw, 50px\" \/><\/div>\n\t\t\t\t\t\t<div class=\"testimonial-text\">\n\t\t\t\t\t\t\t<div class=\"name\">Anthony L\u00f3pez<\/div>\n\t\t\t\t\t\t\t<div class=\"company\">\n\t\t\t\t\t\t\tFundador, Su abogado de inmigraci\u00f3n\t\t\t\t\t\t\t<\/div>\n\t\t\t\t\t\t<\/div>\n\t\t\t\t\t<\/div>\n\t\t\t\t<\/div>\n\t\t\t\t\t<\/div>\n\t\n\t\t\t\t\t<\/div>\n\t\t\t\t<\/div>\n\t\t\t\t\t<\/div>\n\t\t<\/div>\n\t\t\t\t\t<\/div>\n\t\t<\/section>\n\t\t\t\t<\/div>\n\t\t    \n<\/div>\t\t\t\t<\/div>\n\t\t\t\t<\/div>\n\t\t\t\t\t<\/div>\n\t\t<\/div>\n\t\t\t\t\t<\/div>\n\t\t<\/section>\n\t\t\t\t<section class=\"elementor-section elementor-top-section elementor-element elementor-element-cc4e7e2 third_bg_color elementor-section-stretched elementor-section-boxed elementor-section-height-default elementor-section-height-default\" data-id=\"cc4e7e2\" data-element_type=\"section\" data-e-type=\"section\" data-settings=\"{&quot;background_background&quot;:&quot;classic&quot;,&quot;stretch_section&quot;:&quot;section-stretched&quot;}\">\n\t\t\t\t\t\t<div class=\"elementor-container elementor-column-gap-default\">\n\t\t\t\t\t<div class=\"elementor-column elementor-col-100 elementor-top-column elementor-element elementor-element-ccfcce3\" data-id=\"ccfcce3\" data-element_type=\"column\" data-e-type=\"column\">\n\t\t\t<div class=\"elementor-widget-wrap elementor-element-populated\">\n\t\t\t\t\t\t<div class=\"elementor-element elementor-element-c80c359 elementor-widget elementor-widget-vc_cta\" data-id=\"c80c359\" data-element_type=\"widget\" data-e-type=\"widget\" data-widget_type=\"vc_cta.default\">\n\t\t\t\t<div class=\"elementor-widget-container\">\n\t\t\t\t\t\n<div class=\"ce_cta ce_cta_999572677adf74c1dbfba567c5ba39a4 ce_text_left third_bg_color add_button_right btn_align_right btn_button_block_true btn_has_icon btn_has_icon_on_the_right\" id=\"\">\n\t<div class=\"ce_cta__content\">\n\t\t<div class=\"ce_cta__content__header\">\n\t\t\t<h2  class='ce_cta__content__title '>ITS TIME YOU HIRE OUR IMMIGRATION FIRM<\/h2>\t\t<\/div>\n\t\t\t<\/div>\n\n\t\t<div class=\"ce_cta__action\">\n\t\t<a\n\t\t\thref=\"\/contact-us\/\"\n\t\t\t\t\t\ttarget=\"_self\"\n\t\t\tclass=\"button\n\t\t\t\t\t\">\n\t\t\t<span>Contact us<\/span>\n\t\t\t\t\t\t<i class=\" stm-right-arrow\"><\/i>\n\t\t\t\t\t<\/a>\n\t<\/div>\n\t<\/div>\n\t\t\t\t<\/div>\n\t\t\t\t<\/div>\n\t\t\t\t\t<\/div>\n\t\t<\/div>\n\t\t\t\t\t<\/div>\n\t\t<\/section>\n\t\t\t\t<\/div>\n\t\t","protected":false},"excerpt":{"rendered":"<p>Su Abogado De Inmigraci&Atilde;&sup3;n Bienvenido a Su Abogado de Inmigraci&Atilde;&sup3;n, donde abogamos apasionadamente por sus derechos de inmigraci&Atilde;&sup3;n con el compromiso de asegurar la compensaci&Atilde;&sup3;n que usted se merece. Si usted est&Atilde;&iexcl; navegando las complejidades de las cuestiones de inmigraci&Atilde;&sup3;n, a su vez a su abogado de inmigraci&Atilde;&sup3;n para el apoyo inquebrantable. Si usted est&Atilde;&iexcl;<\/p>\n","protected":false},"author":2,"featured_media":0,"parent":0,"menu_order":0,"comment_status":"closed","ping_status":"closed","template":"","meta":{"_coblocks_attr":"","_coblocks_dimensions":"","_coblocks_responsive_height":"","_coblocks_accordion_ie_support":"","footnotes":""},"class_list":["post-16551","page","type-page","status-publish","hentry"],"yoast_head":"<!-- This site is optimized with the Yoast SEO plugin v27.3 - https:\/\/yoast.com\/product\/yoast-seo-wordpress\/ -->\n<title>QUIENES SOMOS - Your Immigration Attorney<\/title>\n<meta name=\"robots\" content=\"index, follow, max-snippet:-1, max-image-preview:large, max-video-preview:-1\" \/>\n<link rel=\"canonical\" href=\"https:\/\/yourimmigrationattorney.com\/es\/historia-de-la-empresa\/\" \/>\n<meta property=\"og:locale\" content=\"es_ES\" \/>\n<meta property=\"og:type\" content=\"article\" \/>\n<meta property=\"og:title\" content=\"QUIENES SOMOS - Your Immigration Attorney\" \/>\n<meta property=\"og:description\" content=\"Su Abogado De Inmigraci&Atilde;&sup3;n Bienvenido a Su Abogado de Inmigraci&Atilde;&sup3;n, donde abogamos apasionadamente por sus derechos de inmigraci&Atilde;&sup3;n con el compromiso de asegurar la compensaci&Atilde;&sup3;n que usted se merece. Si usted est&Atilde;&iexcl; navegando las complejidades de las cuestiones de inmigraci&Atilde;&sup3;n, a su vez a su abogado de inmigraci&Atilde;&sup3;n para el apoyo inquebrantable. Si usted est&Atilde;&iexcl;\" \/>\n<meta property=\"og:url\" content=\"https:\/\/yourimmigrationattorney.com\/es\/historia-de-la-empresa\/\" \/>\n<meta property=\"og:site_name\" content=\"Your Immigration Attorney\" \/>\n<meta property=\"article:modified_time\" content=\"2024-05-20T14:30:53+00:00\" \/>\n<meta property=\"og:image\" content=\"https:\/\/yourimmigrationattorney.com\/wp-content\/uploads\/2016\/01\/anthony-ridesharecrop-50x50.png\" \/>\n<meta name=\"twitter:card\" content=\"summary_large_image\" \/>\n<meta name=\"twitter:label1\" content=\"Tiempo de lectura\" \/>\n\t<meta name=\"twitter:data1\" content=\"2 minutos\" \/>\n<script type=\"application\/ld+json\" class=\"yoast-schema-graph\">{\"@context\":\"https:\\\/\\\/schema.org\",\"@graph\":[{\"@type\":\"WebPage\",\"@id\":\"https:\\\/\\\/yourimmigrationattorney.com\\\/es\\\/historia-de-la-empresa\\\/\",\"url\":\"https:\\\/\\\/yourimmigrationattorney.com\\\/es\\\/historia-de-la-empresa\\\/\",\"name\":\"QUIENES SOMOS - Your Immigration Attorney\",\"isPartOf\":{\"@id\":\"https:\\\/\\\/yourimmigrationattorney.com\\\/es\\\/#website\"},\"primaryImageOfPage\":{\"@id\":\"https:\\\/\\\/yourimmigrationattorney.com\\\/es\\\/historia-de-la-empresa\\\/#primaryimage\"},\"image\":{\"@id\":\"https:\\\/\\\/yourimmigrationattorney.com\\\/es\\\/historia-de-la-empresa\\\/#primaryimage\"},\"thumbnailUrl\":\"https:\\\/\\\/yourimmigrationattorney.com\\\/wp-content\\\/uploads\\\/2016\\\/01\\\/anthony-ridesharecrop-50x50.png\",\"datePublished\":\"2016-01-07T04:23:21+00:00\",\"dateModified\":\"2024-05-20T14:30:53+00:00\",\"breadcrumb\":{\"@id\":\"https:\\\/\\\/yourimmigrationattorney.com\\\/es\\\/historia-de-la-empresa\\\/#breadcrumb\"},\"inLanguage\":\"es\",\"potentialAction\":[{\"@type\":\"ReadAction\",\"target\":[\"https:\\\/\\\/yourimmigrationattorney.com\\\/es\\\/historia-de-la-empresa\\\/\"]}]},{\"@type\":\"ImageObject\",\"inLanguage\":\"es\",\"@id\":\"https:\\\/\\\/yourimmigrationattorney.com\\\/es\\\/historia-de-la-empresa\\\/#primaryimage\",\"url\":\"https:\\\/\\\/yourimmigrationattorney.com\\\/wp-content\\\/uploads\\\/2016\\\/01\\\/anthony-ridesharecrop-50x50.png\",\"contentUrl\":\"https:\\\/\\\/yourimmigrationattorney.com\\\/wp-content\\\/uploads\\\/2016\\\/01\\\/anthony-ridesharecrop-50x50.png\"},{\"@type\":\"BreadcrumbList\",\"@id\":\"https:\\\/\\\/yourimmigrationattorney.com\\\/es\\\/historia-de-la-empresa\\\/#breadcrumb\",\"itemListElement\":[{\"@type\":\"ListItem\",\"position\":1,\"name\":\"Home\",\"item\":\"https:\\\/\\\/yourimmigrationattorney.com\\\/es\\\/\"},{\"@type\":\"ListItem\",\"position\":2,\"name\":\"QUIENES SOMOS\"}]},{\"@type\":\"WebSite\",\"@id\":\"https:\\\/\\\/yourimmigrationattorney.com\\\/es\\\/#website\",\"url\":\"https:\\\/\\\/yourimmigrationattorney.com\\\/es\\\/\",\"name\":\"Your Immigration Attorney\",\"description\":\"\",\"potentialAction\":[{\"@type\":\"SearchAction\",\"target\":{\"@type\":\"EntryPoint\",\"urlTemplate\":\"https:\\\/\\\/yourimmigrationattorney.com\\\/es\\\/?s={search_term_string}\"},\"query-input\":{\"@type\":\"PropertyValueSpecification\",\"valueRequired\":true,\"valueName\":\"search_term_string\"}}],\"inLanguage\":\"es\"}]}<\/script>\n<!-- \/ Yoast SEO plugin. -->","yoast_head_json":{"title":"QUIENES SOMOS - Your Immigration Attorney","robots":{"index":"index","follow":"follow","max-snippet":"max-snippet:-1","max-image-preview":"max-image-preview:large","max-video-preview":"max-video-preview:-1"},"canonical":"https:\/\/yourimmigrationattorney.com\/es\/historia-de-la-empresa\/","og_locale":"es_ES","og_type":"article","og_title":"QUIENES SOMOS - Your Immigration Attorney","og_description":"Su Abogado De Inmigraci&Atilde;&sup3;n Bienvenido a Su Abogado de Inmigraci&Atilde;&sup3;n, donde abogamos apasionadamente por sus derechos de inmigraci&Atilde;&sup3;n con el compromiso de asegurar la compensaci&Atilde;&sup3;n que usted se merece. Si usted est&Atilde;&iexcl; navegando las complejidades de las cuestiones de inmigraci&Atilde;&sup3;n, a su vez a su abogado de inmigraci&Atilde;&sup3;n para el apoyo inquebrantable. Si usted est&Atilde;&iexcl;","og_url":"https:\/\/yourimmigrationattorney.com\/es\/historia-de-la-empresa\/","og_site_name":"Your Immigration Attorney","article_modified_time":"2024-05-20T14:30:53+00:00","og_image":[{"url":"https:\/\/yourimmigrationattorney.com\/wp-content\/uploads\/2016\/01\/anthony-ridesharecrop-50x50.png","type":"","width":"","height":""}],"twitter_card":"summary_large_image","twitter_misc":{"Tiempo de lectura":"2 minutos"},"schema":{"@context":"https:\/\/schema.org","@graph":[{"@type":"WebPage","@id":"https:\/\/yourimmigrationattorney.com\/es\/historia-de-la-empresa\/","url":"https:\/\/yourimmigrationattorney.com\/es\/historia-de-la-empresa\/","name":"QUIENES SOMOS - Your Immigration Attorney","isPartOf":{"@id":"https:\/\/yourimmigrationattorney.com\/es\/#website"},"primaryImageOfPage":{"@id":"https:\/\/yourimmigrationattorney.com\/es\/historia-de-la-empresa\/#primaryimage"},"image":{"@id":"https:\/\/yourimmigrationattorney.com\/es\/historia-de-la-empresa\/#primaryimage"},"thumbnailUrl":"https:\/\/yourimmigrationattorney.com\/wp-content\/uploads\/2016\/01\/anthony-ridesharecrop-50x50.png","datePublished":"2016-01-07T04:23:21+00:00","dateModified":"2024-05-20T14:30:53+00:00","breadcrumb":{"@id":"https:\/\/yourimmigrationattorney.com\/es\/historia-de-la-empresa\/#breadcrumb"},"inLanguage":"es","potentialAction":[{"@type":"ReadAction","target":["https:\/\/yourimmigrationattorney.com\/es\/historia-de-la-empresa\/"]}]},{"@type":"ImageObject","inLanguage":"es","@id":"https:\/\/yourimmigrationattorney.com\/es\/historia-de-la-empresa\/#primaryimage","url":"https:\/\/yourimmigrationattorney.com\/wp-content\/uploads\/2016\/01\/anthony-ridesharecrop-50x50.png","contentUrl":"https:\/\/yourimmigrationattorney.com\/wp-content\/uploads\/2016\/01\/anthony-ridesharecrop-50x50.png"},{"@type":"BreadcrumbList","@id":"https:\/\/yourimmigrationattorney.com\/es\/historia-de-la-empresa\/#breadcrumb","itemListElement":[{"@type":"ListItem","position":1,"name":"Home","item":"https:\/\/yourimmigrationattorney.com\/es\/"},{"@type":"ListItem","position":2,"name":"QUIENES SOMOS"}]},{"@type":"WebSite","@id":"https:\/\/yourimmigrationattorney.com\/es\/#website","url":"https:\/\/yourimmigrationattorney.com\/es\/","name":"Your Immigration Attorney","description":"","potentialAction":[{"@type":"SearchAction","target":{"@type":"EntryPoint","urlTemplate":"https:\/\/yourimmigrationattorney.com\/es\/?s={search_term_string}"},"query-input":{"@type":"PropertyValueSpecification","valueRequired":true,"valueName":"search_term_string"}}],"inLanguage":"es"}]}},"_links":{"self":[{"href":"https:\/\/yourimmigrationattorney.com\/es\/wp-json\/wp\/v2\/pages\/16551","targetHints":{"allow":["GET"]}}],"collection":[{"href":"https:\/\/yourimmigrationattorney.com\/es\/wp-json\/wp\/v2\/pages"}],"about":[{"href":"https:\/\/yourimmigrationattorney.com\/es\/wp-json\/wp\/v2\/types\/page"}],"author":[{"embeddable":true,"href":"https:\/\/yourimmigrationattorney.com\/es\/wp-json\/wp\/v2\/users\/2"}],"replies":[{"embeddable":true,"href":"https:\/\/yourimmigrationattorney.com\/es\/wp-json\/wp\/v2\/comments?post=16551"}],"version-history":[{"count":10,"href":"https:\/\/yourimmigrationattorney.com\/es\/wp-json\/wp\/v2\/pages\/16551\/revisions"}],"predecessor-version":[{"id":16619,"href":"https:\/\/yourimmigrationattorney.com\/es\/wp-json\/wp\/v2\/pages\/16551\/revisions\/16619"}],"wp:attachment":[{"href":"https:\/\/yourimmigrationattorney.com\/es\/wp-json\/wp\/v2\/media?parent=16551"}],"curies":[{"name":"wp","href":"https:\/\/api.w.org\/{rel}","templated":true}]}}